{"id":184,"date":"2025-06-07T17:24:07","date_gmt":"2025-06-07T17:24:07","guid":{"rendered":"https:\/\/kriskrachtwerk.nl\/index.php\/services\/"},"modified":"2025-11-17T11:12:52","modified_gmt":"2025-11-17T11:12:52","slug":"aanbod","status":"publish","type":"page","link":"https:\/\/kriskrachtwerk.nl\/index.php\/aanbod\/","title":{"rendered":"Aanbod"},"content":{"rendered":"\t\t<div data-elementor-type=\"wp-page\" data-elementor-id=\"184\" class=\"elementor elementor-184\" data-elementor-post-type=\"page\">\n\t\t\t\t<div class=\"elementor-element elementor-element-5d2de0b6 e-flex e-con-boxed e-con e-parent\" data-id=\"5d2de0b6\" data-element_type=\"container\" data-e-type=\"container\">\n\t\t\t\t\t<div class=\"e-con-inner\">\n\t\t\t\t<div class=\"elementor-element elementor-element-bf74b elementor-widget elementor-widget-image\" data-id=\"bf74b\" data-element_type=\"widget\" data-e-type=\"widget\" data-settings=\"{&quot;motion_fx_motion_fx_scrolling&quot;:&quot;yes&quot;,&quot;motion_fx_scale_effect&quot;:&quot;yes&quot;,&quot;motion_fx_scale_speed&quot;:{&quot;unit&quot;:&quot;px&quot;,&quot;size&quot;:2,&quot;sizes&quot;:[]},&quot;motion_fx_scale_range&quot;:{&quot;unit&quot;:&quot;%&quot;,&quot;size&quot;:&quot;&quot;,&quot;sizes&quot;:{&quot;start&quot;:65,&quot;end&quot;:100}},&quot;motion_fx_scale_direction&quot;:&quot;out-in&quot;,&quot;motion_fx_devices&quot;:[&quot;desktop&quot;,&quot;tablet&quot;,&quot;mobile&quot;]}\" data-widget_type=\"image.default\">\n\t\t\t\t<div class=\"elementor-widget-container\">\n\t\t\t\t\t\t\t\t\t\t\t\t\t\t\t<img fetchpriority=\"high\" decoding=\"async\" width=\"2560\" height=\"1707\" src=\"https:\/\/kriskrachtwerk.nl\/wp-content\/uploads\/2025\/06\/IMG_9003-scaled.jpg\" class=\"attachment-full size-full wp-image-459\" alt=\"\" srcset=\"https:\/\/kriskrachtwerk.nl\/wp-content\/uploads\/2025\/06\/IMG_9003-scaled.jpg 2560w, https:\/\/kriskrachtwerk.nl\/wp-content\/uploads\/2025\/06\/IMG_9003-300x200.jpg 300w, https:\/\/kriskrachtwerk.nl\/wp-content\/uploads\/2025\/06\/IMG_9003-1024x683.jpg 1024w, https:\/\/kriskrachtwerk.nl\/wp-content\/uploads\/2025\/06\/IMG_9003-768x512.jpg 768w, https:\/\/kriskrachtwerk.nl\/wp-content\/uploads\/2025\/06\/IMG_9003-1536x1024.jpg 1536w, https:\/\/kriskrachtwerk.nl\/wp-content\/uploads\/2025\/06\/IMG_9003-2048x1365.jpg 2048w\" sizes=\"(max-width: 2560px) 100vw, 2560px\" \/>\t\t\t\t\t\t\t\t\t\t\t\t\t\t\t<\/div>\n\t\t\t\t<\/div>\n\t\t<div class=\"elementor-element elementor-element-23f30c9c e-con-full e-flex e-con e-child\" data-id=\"23f30c9c\" data-element_type=\"container\" data-e-type=\"container\">\n\t\t\t\t<div class=\"elementor-element elementor-element-36ce7349 elementor-invisible elementor-widget elementor-widget-text-editor\" data-id=\"36ce7349\" data-element_type=\"widget\" data-e-type=\"widget\" data-settings=\"{&quot;_animation&quot;:&quot;fadeInUp&quot;}\" data-widget_type=\"text-editor.default\">\n\t\t\t\t<div class=\"elementor-widget-container\">\n\t\t\t\t\t\t\t\t\t<p>van harte welkom<\/p>\t\t\t\t\t\t\t\t<\/div>\n\t\t\t\t<\/div>\n\t\t\t\t<div class=\"elementor-element elementor-element-157af5dc elementor-widget elementor-widget-heading\" data-id=\"157af5dc\" data-element_type=\"widget\" data-e-type=\"widget\" data-widget_type=\"heading.default\">\n\t\t\t\t<div class=\"elementor-widget-container\">\n\t\t\t\t\t<h1 class=\"elementor-heading-title elementor-size-default\">Zien wat er toe doet<\/h1>\t\t\t\t<\/div>\n\t\t\t\t<\/div>\n\t\t\t\t<\/div>\n\t\t\t\t\t<\/div>\n\t\t\t\t<\/div>\n\t\t<div class=\"elementor-element elementor-element-b71d732 e-flex e-con-boxed e-con e-parent\" data-id=\"b71d732\" data-element_type=\"container\" data-e-type=\"container\">\n\t\t\t\t\t<div class=\"e-con-inner\">\n\t\t\t\t<div class=\"elementor-element elementor-element-adeefc4 elementor-widget elementor-widget-text-editor\" data-id=\"adeefc4\" data-element_type=\"widget\" data-e-type=\"widget\" data-widget_type=\"text-editor.default\">\n\t\t\t\t<div class=\"elementor-widget-container\">\n\t\t\t\t\t\t\t\t\t<p style=\"font-weight: 400;\">Je kunt bij mij terecht als je helderheid zoekt &#8211; over jezelf, over samenwerking met anderen of over de richting van je organisatie.<br data-start=\"1111\" data-end=\"1114\" \/>Soms begint dat met een concrete vraag. Soms met een gevoel dat er iets niet klopt.<br data-start=\"1199\" data-end=\"1202\" \/>Wat het ook is: we starten met inzicht. En kijken samen wat er nodig is om verder te komen.<br \/><br \/>Ik werk veel in publieke, maatschappelijke en kennisgedreven omgevingen, waar inzicht en samenwerking bepalend zijn voor beweging.<\/p>\t\t\t\t\t\t\t\t<\/div>\n\t\t\t\t<\/div>\n\t\t\t\t\t<\/div>\n\t\t\t\t<\/div>\n\t\t<div class=\"elementor-element elementor-element-39f3dee0 e-flex e-con-boxed e-con e-parent\" data-id=\"39f3dee0\" data-element_type=\"container\" data-e-type=\"container\" data-settings=\"{&quot;background_background&quot;:&quot;classic&quot;}\">\n\t\t\t\t\t<div class=\"e-con-inner\">\n\t\t<div class=\"elementor-element elementor-element-67732427 e-con-full e-flex e-con e-child\" data-id=\"67732427\" data-element_type=\"container\" data-e-type=\"container\">\n\t\t\t\t<div class=\"elementor-element elementor-element-655253da elementor-widget elementor-widget-image\" data-id=\"655253da\" data-element_type=\"widget\" data-e-type=\"widget\" data-widget_type=\"image.default\">\n\t\t\t\t<div class=\"elementor-widget-container\">\n\t\t\t\t\t\t\t\t\t\t\t\t\t\t\t<img decoding=\"async\" width=\"800\" height=\"534\" src=\"https:\/\/kriskrachtwerk.nl\/wp-content\/uploads\/2025\/06\/IMG_9571-1024x683.jpg\" class=\"attachment-large size-large wp-image-502\" alt=\"\" srcset=\"https:\/\/kriskrachtwerk.nl\/wp-content\/uploads\/2025\/06\/IMG_9571-1024x683.jpg 1024w, https:\/\/kriskrachtwerk.nl\/wp-content\/uploads\/2025\/06\/IMG_9571-300x200.jpg 300w, https:\/\/kriskrachtwerk.nl\/wp-content\/uploads\/2025\/06\/IMG_9571-768x512.jpg 768w, https:\/\/kriskrachtwerk.nl\/wp-content\/uploads\/2025\/06\/IMG_9571-1536x1024.jpg 1536w, https:\/\/kriskrachtwerk.nl\/wp-content\/uploads\/2025\/06\/IMG_9571-2048x1365.jpg 2048w\" sizes=\"(max-width: 800px) 100vw, 800px\" \/>\t\t\t\t\t\t\t\t\t\t\t\t\t\t\t<\/div>\n\t\t\t\t<\/div>\n\t\t\t\t<\/div>\n\t\t<div class=\"elementor-element elementor-element-222baa64 e-con-full e-flex e-con e-child\" data-id=\"222baa64\" data-element_type=\"container\" data-e-type=\"container\">\n\t\t\t\t<div class=\"elementor-element elementor-element-7a3f02ba elementor-invisible elementor-widget elementor-widget-heading\" data-id=\"7a3f02ba\" data-element_type=\"widget\" data-e-type=\"widget\" data-settings=\"{&quot;_animation&quot;:&quot;fadeInUp&quot;}\" data-widget_type=\"heading.default\">\n\t\t\t\t<div class=\"elementor-widget-container\">\n\t\t\t\t\t<h2 class=\"elementor-heading-title elementor-size-default\">Hoe ik werk<\/h2>\t\t\t\t<\/div>\n\t\t\t\t<\/div>\n\t\t\t\t<div class=\"elementor-element elementor-element-73ec39be elementor-widget elementor-widget-heading\" data-id=\"73ec39be\" data-element_type=\"widget\" data-e-type=\"widget\" data-widget_type=\"heading.default\">\n\t\t\t\t<div class=\"elementor-widget-container\">\n\t\t\t\t\t<h2 class=\"elementor-heading-title elementor-size-default\">Van inzicht naar beweging<\/h2>\t\t\t\t<\/div>\n\t\t\t\t<\/div>\n\t\t\t\t<div class=\"elementor-element elementor-element-47006493 elementor-widget elementor-widget-text-editor\" data-id=\"47006493\" data-element_type=\"widget\" data-e-type=\"widget\" data-widget_type=\"text-editor.default\">\n\t\t\t\t<div class=\"elementor-widget-container\">\n\t\t\t\t\t\t\t\t\t<p data-start=\"464\" data-end=\"650\">Ik werk op het snijvlak van hoofd en hart, structuur en intu\u00eftie.<br data-start=\"529\" data-end=\"532\" \/>Mijn werk draait om helderheid brengen in wat onder de oppervlakte speelt &#8211; bij mensen, in teams en in organisaties.<\/p><p data-start=\"652\" data-end=\"900\">De <strong data-start=\"655\" data-end=\"685\">Jungiaanse Typologie (JTI)<\/strong> vormt het fundament: een beproefd instrument dat inzicht geeft in voorkeuren, denkstijlen en communicatie. Het maakt zichtbaar wat eerder onbenoemd bleef en biedt taal voor gedrag, samenwerking en besluitvorming.<\/p><p data-start=\"902\" data-end=\"1193\">Van daaruit werk ik met reflectie, dialoog en praktische vertaling naar het dagelijks werk.<br data-start=\"997\" data-end=\"1000\" \/>We verkennen patronen, onderstromen en dynamieken \u2014 met aandacht en scherpte, zonder oordeel.<br data-start=\"1093\" data-end=\"1096\" \/>Elk traject is maatwerk, afgestemd op de vraag, het tempo en het systeem waarin iemand beweegt.<\/p><p data-start=\"1195\" data-end=\"1262\">Inzicht is geen eindpunt, maar het begin van duurzame beweging.<\/p>\t\t\t\t\t\t\t\t<\/div>\n\t\t\t\t<\/div>\n\t\t\t\t<\/div>\n\t\t\t\t\t<\/div>\n\t\t\t\t<\/div>\n\t\t<div class=\"elementor-element elementor-element-4be583d e-flex e-con-boxed e-con e-parent\" data-id=\"4be583d\" data-element_type=\"container\" data-e-type=\"container\">\n\t\t\t\t\t<div class=\"e-con-inner\">\n\t\t<div class=\"elementor-element elementor-element-df8c5f0 e-con-full e-flex e-con e-child\" data-id=\"df8c5f0\" data-element_type=\"container\" data-e-type=\"container\">\n\t\t\t\t<div class=\"elementor-element elementor-element-c045330 elementor-widget elementor-widget-heading\" data-id=\"c045330\" data-element_type=\"widget\" data-e-type=\"widget\" data-widget_type=\"heading.default\">\n\t\t\t\t<div class=\"elementor-widget-container\">\n\t\t\t\t\t<h2 class=\"elementor-heading-title elementor-size-default\">Drie manieren om met mij te werken<\/h2>\t\t\t\t<\/div>\n\t\t\t\t<\/div>\n\t\t\t\t<div class=\"elementor-element elementor-element-62c8f4a elementor-widget elementor-widget-text-editor\" data-id=\"62c8f4a\" data-element_type=\"widget\" data-e-type=\"widget\" data-widget_type=\"text-editor.default\">\n\t\t\t\t<div class=\"elementor-widget-container\">\n\t\t\t\t\t\t\t\t\t<p>Of het nu gaat om persoonlijke groei, samenwerking in teams of beweging in organisaties &#8211; elk traject begint met aandacht voor wat er echt speelt.<br data-start=\"530\" data-end=\"533\" \/>We starten bij inzicht en bouwen vandaaruit aan helderheid, richting en vertrouwen.<\/p>\t\t\t\t\t\t\t\t<\/div>\n\t\t\t\t<\/div>\n\t\t\t\t<\/div>\n\t\t<div class=\"elementor-element elementor-element-7f2eb44 e-con-full e-flex e-con e-child\" data-id=\"7f2eb44\" data-element_type=\"container\" data-e-type=\"container\">\n\t\t<div class=\"elementor-element elementor-element-e6a9f57 e-con-full e-flex e-con e-child\" data-id=\"e6a9f57\" data-element_type=\"container\" data-e-type=\"container\" data-settings=\"{&quot;background_background&quot;:&quot;classic&quot;}\">\n\t\t\t\t<div class=\"elementor-element elementor-element-1a2a279 elementor-invisible elementor-widget elementor-widget-heading\" data-id=\"1a2a279\" data-element_type=\"widget\" data-e-type=\"widget\" data-settings=\"{&quot;_animation&quot;:&quot;fadeInUp&quot;}\" data-widget_type=\"heading.default\">\n\t\t\t\t<div class=\"elementor-widget-container\">\n\t\t\t\t\t<h2 class=\"elementor-heading-title elementor-size-default\">Individueel<\/h2>\t\t\t\t<\/div>\n\t\t\t\t<\/div>\n\t\t\t\t<div class=\"elementor-element elementor-element-ff80591 elementor-widget elementor-widget-heading\" data-id=\"ff80591\" data-element_type=\"widget\" data-e-type=\"widget\" data-widget_type=\"heading.default\">\n\t\t\t\t<div class=\"elementor-widget-container\">\n\t\t\t\t\t<h2 class=\"elementor-heading-title elementor-size-default\">Richting vinden in jezelf<\/h2>\t\t\t\t<\/div>\n\t\t\t\t<\/div>\n\t\t\t\t<div class=\"elementor-element elementor-element-a2f6f62 elementor-widget elementor-widget-text-editor\" data-id=\"a2f6f62\" data-element_type=\"widget\" data-e-type=\"widget\" data-widget_type=\"text-editor.default\">\n\t\t\t\t<div class=\"elementor-widget-container\">\n\t\t\t\t\t\t\t\t\t<p data-start=\"847\" data-end=\"1023\">Soms weet je dat er iets schuurt, maar niet wat.<br data-start=\"895\" data-end=\"898\" \/>In \u00e9\u00e9n-op-\u00e9\u00e9n gesprekken onderzoeken we wat jou drijft, waar energie weglekt en wat er nodig is om weer richting te voelen.<\/p><p data-start=\"1025\" data-end=\"1290\">De <strong data-start=\"1028\" data-end=\"1035\">JTI<\/strong> (Jungian Type Index) is ons vertrekpunt: geen label, maar een lens die taal geeft aan wat eerder onderhuids bleef.<br data-start=\"1150\" data-end=\"1153\" \/>Je ziet hoe jouw voorkeuren doorwerken in denken, kiezen en communiceren &#8211; en waarom bepaalde situaties juist energie kosten of voeden.<\/p><p data-start=\"1292\" data-end=\"1413\">Van daaruit maak je keuzes die kloppen bij wie je bent \u2013 rustiger, helderder en met meer vertrouwen in je eigen kompas.<\/p>\t\t\t\t\t\t\t\t<\/div>\n\t\t\t\t<\/div>\n\t\t\t\t<div class=\"elementor-element elementor-element-018429e elementor-widget elementor-widget-text-editor\" data-id=\"018429e\" data-element_type=\"widget\" data-e-type=\"widget\" data-widget_type=\"text-editor.default\">\n\t\t\t\t<div class=\"elementor-widget-container\">\n\t\t\t\t\t\t\t\t\t<p><em>Wil je verkennen wat dit jou kan brengen?<\/em><\/p>\t\t\t\t\t\t\t\t<\/div>\n\t\t\t\t<\/div>\n\t\t\t\t<div class=\"elementor-element elementor-element-ee211e0 elementor-align-center elementor-widget elementor-widget-button\" data-id=\"ee211e0\" data-element_type=\"widget\" data-e-type=\"widget\" data-widget_type=\"button.default\">\n\t\t\t\t<div class=\"elementor-widget-container\">\n\t\t\t\t\t\t\t\t\t<div class=\"elementor-button-wrapper\">\n\t\t\t\t\t<a class=\"elementor-button elementor-button-link elementor-size-sm\" href=\"https:\/\/kriskrachtwerk.nl\/index.php\/contact\/\">\n\t\t\t\t\t\t<span class=\"elementor-button-content-wrapper\">\n\t\t\t\t\t\t\t\t\t<span class=\"elementor-button-text\">Plan een gesprek<\/span>\n\t\t\t\t\t<\/span>\n\t\t\t\t\t<\/a>\n\t\t\t\t<\/div>\n\t\t\t\t\t\t\t\t<\/div>\n\t\t\t\t<\/div>\n\t\t\t\t<\/div>\n\t\t<div class=\"elementor-element elementor-element-2881659 e-con-full e-flex e-con e-child\" data-id=\"2881659\" data-element_type=\"container\" data-e-type=\"container\" data-settings=\"{&quot;background_background&quot;:&quot;classic&quot;}\">\n\t\t\t\t<div class=\"elementor-element elementor-element-f3caa64 elementor-invisible elementor-widget elementor-widget-heading\" data-id=\"f3caa64\" data-element_type=\"widget\" data-e-type=\"widget\" data-settings=\"{&quot;_animation&quot;:&quot;fadeInUp&quot;}\" data-widget_type=\"heading.default\">\n\t\t\t\t<div class=\"elementor-widget-container\">\n\t\t\t\t\t<h2 class=\"elementor-heading-title elementor-size-default\">Teams<\/h2>\t\t\t\t<\/div>\n\t\t\t\t<\/div>\n\t\t\t\t<div class=\"elementor-element elementor-element-9489269 elementor-widget elementor-widget-heading\" data-id=\"9489269\" data-element_type=\"widget\" data-e-type=\"widget\" data-widget_type=\"heading.default\">\n\t\t\t\t<div class=\"elementor-widget-container\">\n\t\t\t\t\t<h2 class=\"elementor-heading-title elementor-size-default\">Samenwerken begrijpen<\/h2>\t\t\t\t<\/div>\n\t\t\t\t<\/div>\n\t\t\t\t<div class=\"elementor-element elementor-element-518f893 elementor-widget elementor-widget-text-editor\" data-id=\"518f893\" data-element_type=\"widget\" data-e-type=\"widget\" data-widget_type=\"text-editor.default\">\n\t\t\t\t<div class=\"elementor-widget-container\">\n\t\t\t\t\t\t\t\t\t<p data-start=\"1566\" data-end=\"1780\">Verschillende mensen, verschillende voorkeuren.<br data-start=\"1613\" data-end=\"1616\" \/>In teams geeft dat potentie, maar soms ook frictie.<br data-start=\"1667\" data-end=\"1670\" \/>We maken zichtbaar hoe ieder denkt, beslist en communiceert &#8211; en welke patronen in de onderstroom meespelen.<\/p><p data-start=\"1782\" data-end=\"2010\">De <strong data-start=\"1785\" data-end=\"1792\">JTI<\/strong> biedt een gedeelde taal: je leert elkaars verschillen herkennen en benutten in plaats van gelijk te trekken.<br data-start=\"1901\" data-end=\"1904\" \/>Rollen worden helderder, spanning wordt hanteerbaar en samenwerking kost minder energie dan ze oplevert.<\/p><p data-start=\"2012\" data-end=\"2126\">We werken praktisch en reflectief: inzicht dat meteen landt in overleg, besluitvorming en dagelijkse afstemming.<\/p>\t\t\t\t\t\t\t\t<\/div>\n\t\t\t\t<\/div>\n\t\t\t\t<div class=\"elementor-element elementor-element-0b35017 elementor-widget elementor-widget-text-editor\" data-id=\"0b35017\" data-element_type=\"widget\" data-e-type=\"widget\" data-widget_type=\"text-editor.default\">\n\t\t\t\t<div class=\"elementor-widget-container\">\n\t\t\t\t\t\t\t\t\t<p><em data-start=\"2151\" data-end=\"2196\">Benieuwd wat dit voor jullie team kan doen?<\/em><\/p>\t\t\t\t\t\t\t\t<\/div>\n\t\t\t\t<\/div>\n\t\t\t\t<div class=\"elementor-element elementor-element-4233572 elementor-align-center elementor-widget elementor-widget-button\" data-id=\"4233572\" data-element_type=\"widget\" data-e-type=\"widget\" data-widget_type=\"button.default\">\n\t\t\t\t<div class=\"elementor-widget-container\">\n\t\t\t\t\t\t\t\t\t<div class=\"elementor-button-wrapper\">\n\t\t\t\t\t<a class=\"elementor-button elementor-button-link elementor-size-sm\" href=\"https:\/\/kriskrachtwerk.nl\/index.php\/contact\/\">\n\t\t\t\t\t\t<span class=\"elementor-button-content-wrapper\">\n\t\t\t\t\t\t\t\t\t<span class=\"elementor-button-text\">Laten we kennismaken<\/span>\n\t\t\t\t\t<\/span>\n\t\t\t\t\t<\/a>\n\t\t\t\t<\/div>\n\t\t\t\t\t\t\t\t<\/div>\n\t\t\t\t<\/div>\n\t\t\t\t<\/div>\n\t\t<div class=\"elementor-element elementor-element-3f4eebf e-con-full e-flex e-con e-child\" data-id=\"3f4eebf\" data-element_type=\"container\" data-e-type=\"container\" data-settings=\"{&quot;background_background&quot;:&quot;classic&quot;}\">\n\t\t\t\t<div class=\"elementor-element elementor-element-ab580aa elementor-invisible elementor-widget elementor-widget-heading\" data-id=\"ab580aa\" data-element_type=\"widget\" data-e-type=\"widget\" data-settings=\"{&quot;_animation&quot;:&quot;fadeInUp&quot;}\" data-widget_type=\"heading.default\">\n\t\t\t\t<div class=\"elementor-widget-container\">\n\t\t\t\t\t<h2 class=\"elementor-heading-title elementor-size-default\">Organisaties<\/h2>\t\t\t\t<\/div>\n\t\t\t\t<\/div>\n\t\t\t\t<div class=\"elementor-element elementor-element-273024c elementor-widget elementor-widget-heading\" data-id=\"273024c\" data-element_type=\"widget\" data-e-type=\"widget\" data-widget_type=\"heading.default\">\n\t\t\t\t<div class=\"elementor-widget-container\">\n\t\t\t\t\t<h2 class=\"elementor-heading-title elementor-size-default\">Beweging begeleiden<\/h2>\t\t\t\t<\/div>\n\t\t\t\t<\/div>\n\t\t\t\t<div class=\"elementor-element elementor-element-3f23bb4 elementor-widget elementor-widget-text-editor\" data-id=\"3f23bb4\" data-element_type=\"widget\" data-e-type=\"widget\" data-widget_type=\"text-editor.default\">\n\t\t\t\t<div class=\"elementor-widget-container\">\n\t\t\t\t\t\t\t\t\t<p data-start=\"2290\" data-end=\"2513\">In organisaties kom ik vaak binnen op het snijvlak van mens, structuur en richting. Ik help helder krijgen wat er speelt: waar energie vastzit, waar beweging nodig is en hoe mensen en processen beter kunnen samenvallen.<\/p><p data-start=\"2515\" data-end=\"2762\">Met mijn ervaring in publieke en maatschappelijke contexten werk ik aan verandertrajecten, programma\u2019s en samenwerkingen die gedragen \u00e9n concreet zijn.<br data-start=\"2666\" data-end=\"2669\" \/>Ik breng taal, overzicht en samenhang &#8211; zodat er ruimte ontstaat om te doen wat ertoe doet.<\/p>\t\t\t\t\t\t\t\t<\/div>\n\t\t\t\t<\/div>\n\t\t\t\t<div class=\"elementor-element elementor-element-553357e elementor-widget elementor-widget-text-editor\" data-id=\"553357e\" data-element_type=\"widget\" data-e-type=\"widget\" data-widget_type=\"text-editor.default\">\n\t\t\t\t<div class=\"elementor-widget-container\">\n\t\t\t\t\t\t\t\t\t<p><em data-start=\"2787\" data-end=\"2851\">Wil je samen kijken wat er nodig is binnen jullie organisatie?<\/em><\/p>\t\t\t\t\t\t\t\t<\/div>\n\t\t\t\t<\/div>\n\t\t\t\t<div class=\"elementor-element elementor-element-ffe7bf7 elementor-align-center elementor-widget elementor-widget-button\" data-id=\"ffe7bf7\" data-element_type=\"widget\" data-e-type=\"widget\" data-widget_type=\"button.default\">\n\t\t\t\t<div class=\"elementor-widget-container\">\n\t\t\t\t\t\t\t\t\t<div class=\"elementor-button-wrapper\">\n\t\t\t\t\t<a class=\"elementor-button elementor-button-link elementor-size-sm\" href=\"https:\/\/kriskrachtwerk.nl\/index.php\/contact\/\">\n\t\t\t\t\t\t<span class=\"elementor-button-content-wrapper\">\n\t\t\t\t\t\t\t\t\t<span class=\"elementor-button-text\">Neem contact op<\/span>\n\t\t\t\t\t<\/span>\n\t\t\t\t\t<\/a>\n\t\t\t\t<\/div>\n\t\t\t\t\t\t\t\t<\/div>\n\t\t\t\t<\/div>\n\t\t\t\t<\/div>\n\t\t\t\t<\/div>\n\t\t<div class=\"elementor-element elementor-element-3bc1dd3 e-con-full e-flex e-con e-child\" data-id=\"3bc1dd3\" data-element_type=\"container\" data-e-type=\"container\">\n\t\t\t\t<div class=\"elementor-element elementor-element-02ed707 elementor-widget elementor-widget-text-editor\" data-id=\"02ed707\" data-element_type=\"widget\" data-e-type=\"widget\" data-widget_type=\"text-editor.default\">\n\t\t\t\t<div class=\"elementor-widget-container\">\n\t\t\t\t\t\t\t\t\t<p>Elk traject begint met luisteren.<br data-start=\"276\" data-end=\"279\" \/>Een eerste gesprek is vrijblijvend &#8211; om samen te verkennen waar jij of jullie nu staan,<br data-start=\"366\" data-end=\"369\" \/>en wat er nodig is om verder te komen.<\/p>\t\t\t\t\t\t\t\t<\/div>\n\t\t\t\t<\/div>\n\t\t\t\t<\/div>\n\t\t\t\t\t<\/div>\n\t\t\t\t<\/div>\n\t\t\t\t<\/div>\n\t\t","protected":false},"excerpt":{"rendered":"<p>van harte welkom Zien wat er toe doet Je kunt bij mij terecht als je helderheid zoekt &#8211; over jezelf, over samenwerking met anderen of over de richting van je organisatie.Soms begint dat met een concrete vraag. Soms met een gevoel dat er iets niet klopt.Wat het ook is: we starten met inzicht. En kijken [&hellip;]<\/p>\n","protected":false},"author":1,"featured_media":0,"parent":0,"menu_order":0,"comment_status":"closed","ping_status":"closed","template":"","meta":{"footnotes":""},"class_list":["post-184","page","type-page","status-publish","hentry"],"_links":{"self":[{"href":"https:\/\/kriskrachtwerk.nl\/index.php\/wp-json\/wp\/v2\/pages\/184","targetHints":{"allow":["GET"]}}],"collection":[{"href":"https:\/\/kriskrachtwerk.nl\/index.php\/wp-json\/wp\/v2\/pages"}],"about":[{"href":"https:\/\/kriskrachtwerk.nl\/index.php\/wp-json\/wp\/v2\/types\/page"}],"author":[{"embeddable":true,"href":"https:\/\/kriskrachtwerk.nl\/index.php\/wp-json\/wp\/v2\/users\/1"}],"replies":[{"embeddable":true,"href":"https:\/\/kriskrachtwerk.nl\/index.php\/wp-json\/wp\/v2\/comments?post=184"}],"version-history":[{"count":191,"href":"https:\/\/kriskrachtwerk.nl\/index.php\/wp-json\/wp\/v2\/pages\/184\/revisions"}],"predecessor-version":[{"id":1582,"href":"https:\/\/kriskrachtwerk.nl\/index.php\/wp-json\/wp\/v2\/pages\/184\/revisions\/1582"}],"wp:attachment":[{"href":"https:\/\/kriskrachtwerk.nl\/index.php\/wp-json\/wp\/v2\/media?parent=184"}],"curies":[{"name":"wp","href":"https:\/\/api.w.org\/{rel}","templated":true}]}}