{"id":9,"date":"2025-06-17T05:47:56","date_gmt":"2025-06-17T05:47:56","guid":{"rendered":"https:\/\/kriskrachtwerk.nl\/?page_id=9"},"modified":"2025-11-10T12:56:41","modified_gmt":"2025-11-10T12:56:41","slug":"deutch","status":"publish","type":"page","link":"https:\/\/kriskrachtwerk.nl\/index.php\/deutch\/","title":{"rendered":"Deutsch"},"content":{"rendered":"\t\t<div data-elementor-type=\"wp-post\" data-elementor-id=\"9\" class=\"elementor elementor-9\" data-elementor-post-type=\"page\">\n\t\t\t\t<div class=\"elementor-element elementor-element-27b28219 e-flex e-con-boxed e-con e-parent\" data-id=\"27b28219\" data-element_type=\"container\" data-e-type=\"container\">\n\t\t\t\t\t<div class=\"e-con-inner\">\n\t\t<div class=\"elementor-element elementor-element-1c229a85 e-con-full e-flex e-con e-child\" data-id=\"1c229a85\" data-element_type=\"container\" data-e-type=\"container\">\n\t\t\t\t<div class=\"elementor-element elementor-element-484289d8 elementor-widget elementor-widget-heading\" data-id=\"484289d8\" data-element_type=\"widget\" data-e-type=\"widget\" data-widget_type=\"heading.default\">\n\t\t\t\t<div class=\"elementor-widget-container\">\n\t\t\t\t\t<h1 class=\"elementor-heading-title elementor-size-default\">Klarheit, Zusammenarbeit und Entwicklung<\/h1>\t\t\t\t<\/div>\n\t\t\t\t<\/div>\n\t\t\t\t<\/div>\n\t\t<div class=\"elementor-element elementor-element-1a4ec910 e-con-full e-flex e-con e-child\" data-id=\"1a4ec910\" data-element_type=\"container\" data-e-type=\"container\">\n\t\t\t\t<div class=\"elementor-element elementor-element-67ec00fe elementor-invisible elementor-widget elementor-widget-heading\" data-id=\"67ec00fe\" data-element_type=\"widget\" data-e-type=\"widget\" data-settings=\"{&quot;_animation&quot;:&quot;fadeInUp&quot;}\" data-widget_type=\"heading.default\">\n\t\t\t\t<div class=\"elementor-widget-container\">\n\t\t\t\t\t<h2 class=\"elementor-heading-title elementor-size-default\">Wer ich bin<\/h2>\t\t\t\t<\/div>\n\t\t\t\t<\/div>\n\t\t\t\t<div class=\"elementor-element elementor-element-7f5c8f15 elementor-widget elementor-widget-text-editor\" data-id=\"7f5c8f15\" data-element_type=\"widget\" data-e-type=\"widget\" data-widget_type=\"text-editor.default\">\n\t\t\t\t<div class=\"elementor-widget-container\">\n\t\t\t\t\t\t\t\t\t<p data-start=\"314\" data-end=\"647\">Ich bin Kris Pals-Krukkert \u2013 Beraterin, Prozessbegleiterin und Projektleiterin f\u00fcr Entwicklungs- und Ver\u00e4nderungsprozesse in Organisationen. Ich arbeite mit Organisationen, Teams und Regionen, die sich weiterentwickeln wollen.<br data-start=\"1699\" data-end=\"1702\" \/><br \/>Nach \u00fcber zwanzig Jahren Arbeit in den Niederlanden \u2013 vor allem im \u00f6ffentlichen Sektor, in Bildung, Kultur und regionaler Zusammenarbeit \u2013 lebe und arbeite ich seit 2023 in \u00d6sterreich.<br data-start=\"1886\" data-end=\"1889\" \/>Ich bin \u00fcberzeugt, dass Verhalten, Kommunikation und Zusammenarbeit die Grundlage jeder Organisation bilden, die in Bewegung bleiben m\u00f6chte.<\/p>\t\t\t\t\t\t\t\t<\/div>\n\t\t\t\t<\/div>\n\t\t\t\t<\/div>\n\t\t\t\t\t<\/div>\n\t\t\t\t<\/div>\n\t\t<div class=\"elementor-element elementor-element-5dfca0ef e-flex e-con-boxed e-con e-parent\" data-id=\"5dfca0ef\" data-element_type=\"container\" data-e-type=\"container\">\n\t\t\t\t\t<div class=\"e-con-inner\">\n\t\t\t\t<div class=\"elementor-element elementor-element-4716eaee elementor-widget elementor-widget-image\" data-id=\"4716eaee\" data-element_type=\"widget\" data-e-type=\"widget\" data-settings=\"{&quot;motion_fx_motion_fx_scrolling&quot;:&quot;yes&quot;,&quot;motion_fx_scale_effect&quot;:&quot;yes&quot;,&quot;motion_fx_scale_speed&quot;:{&quot;unit&quot;:&quot;px&quot;,&quot;size&quot;:2,&quot;sizes&quot;:[]},&quot;motion_fx_scale_range&quot;:{&quot;unit&quot;:&quot;%&quot;,&quot;size&quot;:&quot;&quot;,&quot;sizes&quot;:{&quot;start&quot;:50,&quot;end&quot;:100}},&quot;motion_fx_scale_direction&quot;:&quot;out-in&quot;,&quot;motion_fx_devices&quot;:[&quot;desktop&quot;,&quot;tablet&quot;,&quot;mobile&quot;]}\" data-widget_type=\"image.default\">\n\t\t\t\t<div class=\"elementor-widget-container\">\n\t\t\t\t\t\t\t\t\t\t\t\t\t\t\t<img fetchpriority=\"high\" decoding=\"async\" width=\"2560\" height=\"1707\" src=\"https:\/\/kriskrachtwerk.nl\/wp-content\/uploads\/2025\/06\/IMG_9155_1749478275590-scaled.jpg\" class=\"attachment-full size-full wp-image-330\" alt=\"\" srcset=\"https:\/\/kriskrachtwerk.nl\/wp-content\/uploads\/2025\/06\/IMG_9155_1749478275590-scaled.jpg 2560w, https:\/\/kriskrachtwerk.nl\/wp-content\/uploads\/2025\/06\/IMG_9155_1749478275590-300x200.jpg 300w, https:\/\/kriskrachtwerk.nl\/wp-content\/uploads\/2025\/06\/IMG_9155_1749478275590-1024x683.jpg 1024w, https:\/\/kriskrachtwerk.nl\/wp-content\/uploads\/2025\/06\/IMG_9155_1749478275590-768x512.jpg 768w, https:\/\/kriskrachtwerk.nl\/wp-content\/uploads\/2025\/06\/IMG_9155_1749478275590-1536x1024.jpg 1536w, https:\/\/kriskrachtwerk.nl\/wp-content\/uploads\/2025\/06\/IMG_9155_1749478275590-2048x1365.jpg 2048w\" sizes=\"(max-width: 2560px) 100vw, 2560px\" \/>\t\t\t\t\t\t\t\t\t\t\t\t\t\t\t<\/div>\n\t\t\t\t<\/div>\n\t\t\t\t\t<\/div>\n\t\t\t\t<\/div>\n\t\t<div class=\"elementor-element elementor-element-274d7b0f e-flex e-con-boxed e-con e-parent\" data-id=\"274d7b0f\" data-element_type=\"container\" data-e-type=\"container\">\n\t\t\t\t\t<div class=\"e-con-inner\">\n\t\t\t\t<div class=\"elementor-element elementor-element-321a873 elementor-invisible elementor-widget elementor-widget-heading\" data-id=\"321a873\" data-element_type=\"widget\" data-e-type=\"widget\" data-settings=\"{&quot;_animation&quot;:&quot;fadeInUp&quot;}\" data-widget_type=\"heading.default\">\n\t\t\t\t<div class=\"elementor-widget-container\">\n\t\t\t\t\t<h2 class=\"elementor-heading-title elementor-size-default\">Was ich tue<\/h2>\t\t\t\t<\/div>\n\t\t\t\t<\/div>\n\t\t\t\t<div class=\"elementor-element elementor-element-117c622a elementor-widget elementor-widget-heading\" data-id=\"117c622a\" data-element_type=\"widget\" data-e-type=\"widget\" data-widget_type=\"heading.default\">\n\t\t\t\t<div class=\"elementor-widget-container\">\n\t\t\t\t\t<h2 class=\"elementor-heading-title elementor-size-default\">Was mich bewegt<\/h2>\t\t\t\t<\/div>\n\t\t\t\t<\/div>\n\t\t<div class=\"elementor-element elementor-element-79bcab3a e-con-full e-flex e-con e-child\" data-id=\"79bcab3a\" data-element_type=\"container\" data-e-type=\"container\">\n\t\t\t\t<div class=\"elementor-element elementor-element-7096026d elementor-widget elementor-widget-text-editor\" data-id=\"7096026d\" data-element_type=\"widget\" data-e-type=\"widget\" data-widget_type=\"text-editor.default\">\n\t\t\t\t<div class=\"elementor-widget-container\">\n\t\t\t\t\t\t\t\t\t<p data-start=\"2052\" data-end=\"2300\">Ich begleite Organisationen, Teams und Netzwerke dabei, Bewegung in komplexe Themen zu bringen.<br data-start=\"2147\" data-end=\"2150\" \/>Oft geht es um strategische Zusammenarbeit, Organisationsentwicklung oder Programme, bei denen verschiedene Akteure gemeinsam etwas bewirken wollen.<\/p><p data-start=\"2302\" data-end=\"2502\">Meine Rolle ist dabei die einer Beraterin, Prozessbegleiterin oder Projektregisseurin \u2013 jemand, der Struktur schafft, Klarheit bringt und zugleich sp\u00fcrt, was zwischen Menschen wirklich passiert.<\/p><p data-start=\"2504\" data-end=\"2823\">Durch meine Erfahrung in Kommunikation, F\u00fchrung und Verhaltensanalyse erkenne ich schnell Muster: wie Menschen zusammenarbeiten, wie Entscheidungen entstehen und was Entwicklung f\u00f6rdert oder hemmt.<br data-start=\"2701\" data-end=\"2704\" \/>Ich verbinde Inhalt und Prozess, damit Ver\u00e4nderung nicht nur auf dem Papier, sondern auch im Verhalten sichtbar wird.<\/p>\t\t\t\t\t\t\t\t<\/div>\n\t\t\t\t<\/div>\n\t\t\t\t<\/div>\n\t\t\t\t\t<\/div>\n\t\t\t\t<\/div>\n\t\t<div class=\"elementor-element elementor-element-26d92c2b e-flex e-con-boxed e-con e-parent\" data-id=\"26d92c2b\" data-element_type=\"container\" data-e-type=\"container\" data-settings=\"{&quot;background_background&quot;:&quot;classic&quot;}\">\n\t\t\t\t\t<div class=\"e-con-inner\">\n\t\t<div class=\"elementor-element elementor-element-44897bf5 e-con-full e-flex e-con e-child\" data-id=\"44897bf5\" data-element_type=\"container\" data-e-type=\"container\">\n\t\t\t\t<div class=\"elementor-element elementor-element-21090fdb elementor-widget elementor-widget-image\" data-id=\"21090fdb\" data-element_type=\"widget\" data-e-type=\"widget\" data-widget_type=\"image.default\">\n\t\t\t\t<div class=\"elementor-widget-container\">\n\t\t\t\t\t\t\t\t\t\t\t\t\t\t\t<img decoding=\"async\" width=\"800\" height=\"534\" src=\"https:\/\/kriskrachtwerk.nl\/wp-content\/uploads\/2025\/06\/IMG_9439-1024x683.jpg\" class=\"attachment-large size-large wp-image-492\" alt=\"\" srcset=\"https:\/\/kriskrachtwerk.nl\/wp-content\/uploads\/2025\/06\/IMG_9439-1024x683.jpg 1024w, https:\/\/kriskrachtwerk.nl\/wp-content\/uploads\/2025\/06\/IMG_9439-300x200.jpg 300w, https:\/\/kriskrachtwerk.nl\/wp-content\/uploads\/2025\/06\/IMG_9439-768x512.jpg 768w, https:\/\/kriskrachtwerk.nl\/wp-content\/uploads\/2025\/06\/IMG_9439-1536x1024.jpg 1536w, https:\/\/kriskrachtwerk.nl\/wp-content\/uploads\/2025\/06\/IMG_9439-2048x1365.jpg 2048w\" sizes=\"(max-width: 800px) 100vw, 800px\" \/>\t\t\t\t\t\t\t\t\t\t\t\t\t\t\t<\/div>\n\t\t\t\t<\/div>\n\t\t\t\t<\/div>\n\t\t<div class=\"elementor-element elementor-element-6b8e11ea e-con-full e-flex e-con e-child\" data-id=\"6b8e11ea\" data-element_type=\"container\" data-e-type=\"container\">\n\t\t\t\t<div class=\"elementor-element elementor-element-50a906e4 elementor-invisible elementor-widget elementor-widget-heading\" data-id=\"50a906e4\" data-element_type=\"widget\" data-e-type=\"widget\" data-settings=\"{&quot;_animation&quot;:&quot;fadeInUp&quot;}\" data-widget_type=\"heading.default\">\n\t\t\t\t<div class=\"elementor-widget-container\">\n\t\t\t\t\t<h2 class=\"elementor-heading-title elementor-size-default\">Wie ich arbeite<\/h2>\t\t\t\t<\/div>\n\t\t\t\t<\/div>\n\t\t\t\t<div class=\"elementor-element elementor-element-65e263d6 elementor-widget elementor-widget-heading\" data-id=\"65e263d6\" data-element_type=\"widget\" data-e-type=\"widget\" data-widget_type=\"heading.default\">\n\t\t\t\t<div class=\"elementor-widget-container\">\n\t\t\t\t\t<h2 class=\"elementor-heading-title elementor-size-default\">Mit Klarheit und Herz<\/h2>\t\t\t\t<\/div>\n\t\t\t\t<\/div>\n\t\t\t\t<div class=\"elementor-element elementor-element-5ff10e10 elementor-widget elementor-widget-text-editor\" data-id=\"5ff10e10\" data-element_type=\"widget\" data-e-type=\"widget\" data-widget_type=\"text-editor.default\">\n\t\t\t\t<div class=\"elementor-widget-container\">\n\t\t\t\t\t\t\t\t\t<p data-start=\"798\" data-end=\"962\">Ich arbeite analytisch und gleichzeitig menschlich.<br data-start=\"849\" data-end=\"852\" \/>Ich sch\u00e4tze Klarheit, Humor und eine offene Atmosph\u00e4re, in der Menschen ehrlich miteinander sprechen k\u00f6nnen.<\/p><p data-start=\"964\" data-end=\"1219\">Mir ist wichtig, dass Raum entsteht \u2013 f\u00fcr Nachdenken, f\u00fcr das, was gesagt werden will, und auch f\u00fcr das, was unausgesprochen bleibt. Ich benenne, was ich wahrnehme, ohne zu bewerten, und helfe Teams und Organisationen, sich selbst besser zu verstehen.<\/p><p data-start=\"1221\" data-end=\"1421\">Ver\u00e4nderung gelingt dann, wenn sich Menschen damit verbunden f\u00fchlen \u2013 deshalb kombiniere ich eine klare Analyse mit einer warmen, bodenst\u00e4ndigen Art zu arbeiten:<br data-start=\"1382\" data-end=\"1385\" \/><em>inhaltlich stark, im Ton leicht.<\/em><\/p><p>So entsteht Verbinding &#8211; zwichen Menschen, Themen und Regionen.\u00a0<em><br \/><\/em><\/p>\t\t\t\t\t\t\t\t<\/div>\n\t\t\t\t<\/div>\n\t\t\t\t<\/div>\n\t\t\t\t\t<\/div>\n\t\t\t\t<\/div>\n\t\t<div class=\"elementor-element elementor-element-791c32da e-flex e-con-boxed e-con e-parent\" data-id=\"791c32da\" data-element_type=\"container\" data-e-type=\"container\">\n\t\t\t\t\t<div class=\"e-con-inner\">\n\t\t\t\t<div class=\"elementor-element elementor-element-36f264ba elementor-invisible elementor-widget elementor-widget-heading\" data-id=\"36f264ba\" data-element_type=\"widget\" data-e-type=\"widget\" data-settings=\"{&quot;_animation&quot;:&quot;fadeInUp&quot;}\" data-widget_type=\"heading.default\">\n\t\t\t\t<div class=\"elementor-widget-container\">\n\t\t\t\t\t<h2 class=\"elementor-heading-title elementor-size-default\">hintergrund und Perspektive<\/h2>\t\t\t\t<\/div>\n\t\t\t\t<\/div>\n\t\t\t\t<div class=\"elementor-element elementor-element-40e28344 elementor-widget elementor-widget-heading\" data-id=\"40e28344\" data-element_type=\"widget\" data-e-type=\"widget\" data-widget_type=\"heading.default\">\n\t\t\t\t<div class=\"elementor-widget-container\">\n\t\t\t\t\t<h2 class=\"elementor-heading-title elementor-size-default\">Erfahrung trifft Neugier<\/h2>\t\t\t\t<\/div>\n\t\t\t\t<\/div>\n\t\t\t\t<div class=\"elementor-element elementor-element-24e7ac38 elementor-widget elementor-widget-text-editor\" data-id=\"24e7ac38\" data-element_type=\"widget\" data-e-type=\"widget\" data-widget_type=\"text-editor.default\">\n\t\t\t\t<div class=\"elementor-widget-container\">\n\t\t\t\t\t\t\t\t\t<p data-start=\"1526\" data-end=\"1811\">Ich habe f\u00fcr verschiedene Organisationen in den Niederlanden gearbeitet \u2013 Gemeinden, Provinzen, Bildungseinrichtungen und Kulturorganisationen. Meine Erfahrung reicht von Projektleitung und strategischer Beratung bis hin zur Begleitung von Teams und zur St\u00e4rkung von Kooperationen.<\/p><p data-start=\"1813\" data-end=\"2178\">Seit meinem Umzug nach \u00d6sterreich interessiert mich besonders, wie hier Zusammenarbeit gestaltet wird, wie Politik und Praxis ineinandergreifen und wie regionale Entwicklung in kleineren Gemeinschaften entsteht.<br data-start=\"2024\" data-end=\"2027\" \/>Was ich hier lerne, flie\u00dft in meine Arbeit ein \u2013 und umgekehrt. So verbinde ich Perspektiven aus zwei L\u00e4ndern und bringe sie in meine Projekte ein.<\/p><p data-start=\"2180\" data-end=\"2312\">Ich arbeite gerne mit Organisationen und Regionen, die offen sind f\u00fcr neue Sichtweisen oder f\u00fcr Kooperationen \u00fcber Grenzen hinweg.<\/p><p data-start=\"2314\" data-end=\"2690\"><strong data-start=\"2314\" data-end=\"2334\">Zusammenarbeiten<\/strong><br data-start=\"2334\" data-end=\"2337\" \/>Ich arbeite mit Menschen und Organisationen, die etwas bewegen m\u00f6chten \u2013 im Kleinen oder im Gro\u00dfen.<br data-start=\"2436\" data-end=\"2439\" \/>Ob es um Projekte mit gesellschaftlicher Wirkung geht, um Teams, die ihre Zusammenarbeit st\u00e4rken wollen, oder um Organisationen, die auf ihrem Weg Klarheit suchen.<\/p><p data-start=\"2314\" data-end=\"2690\">Ich freue mich auf neue Begegnungen \u2013 und auf alles, was daraus entstehen darf.<\/p>\t\t\t\t\t\t\t\t<\/div>\n\t\t\t\t<\/div>\n\t\t\t\t\t<\/div>\n\t\t\t\t<\/div>\n\t\t\t\t<\/div>\n\t\t","protected":false},"excerpt":{"rendered":"<p>Klarheit, Zusammenarbeit und Entwicklung Wer ich bin Ich bin Kris Pals-Krukkert \u2013 Beraterin, Prozessbegleiterin und Projektleiterin f\u00fcr Entwicklungs- und Ver\u00e4nderungsprozesse in Organisationen. Ich arbeite mit Organisationen, Teams und Regionen, die sich weiterentwickeln wollen.Nach \u00fcber zwanzig Jahren Arbeit in den Niederlanden \u2013 vor allem im \u00f6ffentlichen Sektor, in Bildung, Kultur und regionaler Zusammenarbeit \u2013 lebe und [&hellip;]<\/p>\n","protected":false},"author":1,"featured_media":0,"parent":0,"menu_order":0,"comment_status":"closed","ping_status":"closed","template":"elementor_header_footer","meta":{"footnotes":""},"class_list":["post-9","page","type-page","status-publish","hentry"],"_links":{"self":[{"href":"https:\/\/kriskrachtwerk.nl\/index.php\/wp-json\/wp\/v2\/pages\/9","targetHints":{"allow":["GET"]}}],"collection":[{"href":"https:\/\/kriskrachtwerk.nl\/index.php\/wp-json\/wp\/v2\/pages"}],"about":[{"href":"https:\/\/kriskrachtwerk.nl\/index.php\/wp-json\/wp\/v2\/types\/page"}],"author":[{"embeddable":true,"href":"https:\/\/kriskrachtwerk.nl\/index.php\/wp-json\/wp\/v2\/users\/1"}],"replies":[{"embeddable":true,"href":"https:\/\/kriskrachtwerk.nl\/index.php\/wp-json\/wp\/v2\/comments?post=9"}],"version-history":[{"count":40,"href":"https:\/\/kriskrachtwerk.nl\/index.php\/wp-json\/wp\/v2\/pages\/9\/revisions"}],"predecessor-version":[{"id":1510,"href":"https:\/\/kriskrachtwerk.nl\/index.php\/wp-json\/wp\/v2\/pages\/9\/revisions\/1510"}],"wp:attachment":[{"href":"https:\/\/kriskrachtwerk.nl\/index.php\/wp-json\/wp\/v2\/media?parent=9"}],"curies":[{"name":"wp","href":"https:\/\/api.w.org\/{rel}","templated":true}]}}